{"id":16653,"date":"2018-02-28T07:40:29","date_gmt":"2018-02-28T07:40:29","guid":{"rendered":"http:\/\/dev.tirlog.at\/informativa-sulla-protezione-dei-dati-personali\/"},"modified":"2024-03-02T11:56:34","modified_gmt":"2024-03-02T11:56:34","slug":"informativa-sulla-protezione-dei-dati-personali","status":"publish","type":"page","link":"https:\/\/www.tirlog.at\/it\/informativa-sulla-protezione-dei-dati-personali\/","title":{"rendered":"Informativa sulla protezione dei dati personali"},"content":{"rendered":"<div class=\"wpb-content-wrapper\"><p>[vc_row gap=&#8221;80&#8243;][vc_column]<div class=\"et-simple-braket-block-wrapper\"><style>#et-simple-braket-block-1 .braket-text {font-size:24px;font-weight:400;line-height:32px;}#et-simple-braket-block-1 .braket > div  {background-color:#009640;}<\/style><div id=\"et-simple-braket-block-1\" class=\"et-simple-braket-block \"><div class=\"braket\"><div><\/div><div><\/div><div><\/div><\/div><div class=\"braket-text\" data-mobile-font=\"inherit\" data-tablet-font=\"inherit\">1. Protezione dei dati in sintesi<\/div><\/div><\/div><div class=\"gap et-clearfix \" style=\"height:32px\"><\/div>[vc_column_text]<\/p>\n<h4>Informazioni generali<\/h4>\n<p>Le note che seguono forniscono una semplice panoramica di ci\u00f2 che accade ai tuoi dati personali quando visiti il nostro sito web. Per dati personali intendiamo tutti i dati con i quali \u00e8 possibile essere identificati personalmente. Informazioni dettagliate sul tema della protezione dei dati sono disponibili nella nostra Informativa sulla protezione dei dati elencata riportata di seguito.<\/p>\n<h4>Raccolta dati sul nostro sito web<\/h4>\n<p><strong>Chi \u00e8 responsabile della raccolta dei dati su questo sito web?<\/strong><\/p>\n<p>Il trattamento dei dati su questo sito web \u00e8 effettuato dal gestore del sito web. I dettagli di contatto del quale sono reperibili nelle Note legali di questo sito web.<\/p>\n<p><strong>Come raccogliamo i tuoi dati?<\/strong><\/p>\n<p>Da un lato i tuoi dati vengono raccolti quando ci vengono comunicati da te. Pu\u00f2 trattarsi, ad esempio, dei dati inseriti in un modulo di contatto.Altri dati vengono rilevati automaticamente dai nostri sistemi IT quando si visita il sito web. Si tratta principalmente di dati tecnici (ad es. browser per la navigazione in Internet, sistema operativo o orario di visualizzazione della pagina). Questi dati vengono raccolti automaticamente non appena si accede al nostro sito web.<\/p>\n<p><strong>A quale fine utilizziamo i tuoi dati?<\/strong><\/p>\n<p>Alcuni dei dati vengono raccolti per garantire la corretta messa a disposizione del sito web. Altri dati possono essere utilizzati per analizzare il tuo comportamento in qualit\u00e0 di utente.<\/p>\n<p><strong>Quali diritti hai in merito ai tuoi dati?<\/strong><\/p>\n<p>Hai il diritto di ricevere informazioni sull&#8217;origine, il destinatario e lo scopo dei tuoi dati personali memorizzati, gratuitamente e in qualsiasi momento. Hai inoltre il diritto di chiedere la rettifica, il blocco o la cancellazione di questi dati. A questo scopo e per ulteriori domande sul tema della protezione dei dati personali \u00e8 possibile rivolgersi a noi in qualsiasi momento, contattandoci all&#8217;indirizzo indicato nelle Note legali. Sussiste inoltre il diritto di ricorrere all&#8217;autorit\u00e0 di vigilanza competente.<br \/>\nStrumenti di<\/p>\n<h4>analisi e strumenti di terze parti<\/h4>\n<p>Quando visiti il nostro sito web, il tuo comportamento di navigazione pu\u00f2 essere analizzato statisticamente. Ci\u00f2 avviene principalmente con i cookie e con i cosiddetti programmi di analisi. L&#8217;analisi del comportamento di navigazione \u00e8 solitamente anonima; il comportamento di navigazione non pu\u00f2 essere ricondotto a uno specifico utente. \u00c8 possibile opporsi a questa analisi o prevenirla non utilizzando determinati strumenti. Informazioni dettagliate in merito sono contenute nella seguente Informativa sulla protezione dei dati personali.<\/p>\n<p>\u00c8 possibile opporsi a questa analisi. In questa Informativa sulla protezione dei dati informeremo in merito alle possibili misure di opposizione.[\/vc_column_text][\/vc_column][\/vc_row][vc_row gap=&#8221;80&#8243;][vc_column]<div class=\"et-simple-braket-block-wrapper\"><style>#et-simple-braket-block-2 .braket-text {font-size:24px;font-weight:400;line-height:32px;}#et-simple-braket-block-2 .braket > div  {background-color:#009640;}<\/style><div id=\"et-simple-braket-block-2\" class=\"et-simple-braket-block \"><div class=\"braket\"><div><\/div><div><\/div><div><\/div><\/div><div class=\"braket-text\" data-mobile-font=\"inherit\" data-tablet-font=\"inherit\">2. Note generali e informazioni obbligatorie<\/div><\/div><\/div><div class=\"gap et-clearfix \" style=\"height:32px\"><\/div>[vc_column_text]<\/p>\n<h4>Protezione dei dati<\/h4>\n<p>Gli operatori dei presenti siti prendono molto sul serio la protezione dei tuoi dati personali. Trattiamo i dati personali con riservatezza e in conformit\u00e0 con le disposizioni di legge in materia di protezione dei dati personali e con la presente Informativa.<\/p>\n<p>Quando utilizzi il presente sito web, vengono raccolti vari dati personali. Sono dati personali i dati con i quali \u00e8 possibile essere identificati personalmente. La presente Informativa sulla protezione dei dati spiega quali informazioni raccogliamo e per quali finalit\u00e0 le utilizziamo. Essa spiega inoltre le modalit\u00e0 e gli scopi della raccolta.<\/p>\n<p>\u00c8 opportuno informare che la trasmissione di dati in Internet (ad esempio la comunicazione tramite e-mail) pu\u00f2 presentare lacune per quanto concerne la sicurezza. Non \u00e8 possibile una protezione assoluta dei dati contro l&#8217;accesso da parte di terzi.<\/p>\n<h4>Nota sull&#8217;ente responsabile<\/h4>\n<p>L&#8217;ente responsabile del trattamento dei dati su questo sito web \u00e8:<\/p>\n<p>TIRLOG Transport GmbH<br \/>\nPerlmooserstrasse 17, 6322 Kirchbichl<br \/>\nTelefono: <a href=\"tel:+435332208990\">+43 5332 20899-0<\/a><br \/>\nE-mail: info@tirlog.at<\/p>\n<p>Il<\/p>\n<p>responsabile \u00e8 la persona fisica o giuridica che, da sola o insieme ad altri, decide in merito alle finalit\u00e0 e ai mezzi del trattamento dei dati personali (es. nomi, indirizzi di posta elettronica, ecc.).<\/p>\n<h4>Revoca del consenso al trattamento dei dati<\/h4>\n<p>Molte operazioni di trattamento dei dati sono possibili solo con l&#8217;esplicito consenso dell&#8217;utente. \u00c8 possibile revocare il consenso in precedenza concesso in qualsiasi momento. \u00c8 sufficiente inviarci in proposito un&#8217;e-mail informale. La revoca non pregiudica la legittimit\u00e0 del trattamento dei dati fino al momento della stessa.<br \/>\nDiritto di<\/p>\n<h4>ricorso presso l&#8217;autorit\u00e0 di vigilanza competente<\/h4>\n<p>In caso di violazione della protezione dei dati personali, l&#8217;utente ha il diritto di ricorrere all&#8217;autorit\u00e0 di controllo competente. L&#8217;autorit\u00e0 di controllo competente per le questioni relative alla protezione dei dati personali \u00e8 il responsabile della protezione dei dati dello Stato federale in cui ha sede la nostra azienda. Un elenco dei responsabili della protezione dei dati e dei relativi dati di contatto \u00e8 disponibile al seguente link: <a href=\"https:\/\/www.bfdi.bund.de\/DE\/Infothek\/Anschriften_Links\/anschriften_links-node.html\" target=\"_blank\" rel=\"noopener noreferrer\">https:\/\/www.bfdi.bund.de\/DE\/Infothek\/Anschriften_Links\/anschriften_links-node.html<\/a>.<\/p>\n<h4>Diritto alla portabilit\u00e0 dei dati<\/h4>\n<p>Hai il diritto di accedere ai dati che elaboriamo automaticamente sulla base del tuo consenso o in adempimento di un obbligo contrattuale, per te o per terzi, in un formato comune e leggibile da un dispositivo informatico. Se richiedi il trasferimento diretto dei dati a un altro responsabile, ci\u00f2 avverr\u00e0 solo nella misura in cui sia tecnicamente fattibile.<br \/>\nCrittografia<\/p>\n<h4>SSL o TLS<\/h4>\n<p>Questo sito Internet utilizza la crittografia SSL o TLS per motivi di sicurezza e per proteggere la trasmissione di contenuti riservati, come ad esempio ordini o richieste, inviati a noi in qualit\u00e0 di gestori del sito. Una connessione crittografata si riconosce dal fatto che la riga dell&#8217;indirizzo del browser cambia da &#8220;http:\/\/&#8221; a &#8220;https:\/\/&#8221; e dal simbolo del lucchetto nella riga del browser.<\/p>\n<p>Se la crittografia SSL o TLS \u00e8 attivata, i dati che ci trasmetti non possono essere letti da terzi.<\/p>\n<h4>Informazione, blocco, cancellazione<\/h4>\n<p>Nell&#8217;ambito delle disposizioni di legge in vigore, l&#8217;utente conserva in ogni momento il diritto di ricevere, gratuitamente, informazioni sui suoi dati personali conservati, sulla loro provenienza, sul destinatario e sullo scopo del trattamento dei dati, nonch\u00e9 il diritto, se del caso, di correzione, di blocco o di cancellazione di questi dati. Puoi contattarci in qualsiasi momento all&#8217;indirizzo indicato nelle Note legali qualora tu abbia ulteriori domande sul tema dei dati personali.<br \/>\nRifiuto<\/p>\n<h4>di e-mail commerciali<\/h4>\n<p>Con la presente ci si oppone all&#8217;utilizzo dei dati di contatto, pubblicati nell&#8217;ambito dell&#8217;obbligo di pubblicazione delle informazioni legali, per l&#8217;invio di pubblicit\u00e0 e materiale informativo non espressamente richiesti. I gestori di queste pagine si riservano espressamente il diritto di ricorrere a vie legali in caso di invio di informazioni promozionali non richieste, come ad esempio le e-mail spam.[\/vc_column_text][\/vc_column][\/vc_row][vc_row gap=&#8221;80&#8243;][vc_column]<div class=\"et-simple-braket-block-wrapper\"><style>#et-simple-braket-block-3 .braket-text {font-size:24px;font-weight:400;line-height:32px;}#et-simple-braket-block-3 .braket > div  {background-color:#009640;}<\/style><div id=\"et-simple-braket-block-3\" class=\"et-simple-braket-block \"><div class=\"braket\"><div><\/div><div><\/div><div><\/div><\/div><div class=\"braket-text\" data-mobile-font=\"inherit\" data-tablet-font=\"inherit\">3. Registrazione di dati sul nostro sito web<\/div><\/div><\/div><div class=\"gap et-clearfix \" style=\"height:32px\"><\/div>[vc_column_text]<\/p>\n<h4>Cookies<\/h4>\n<p>I siti Internet utilizzano talvolta i cosiddetti cookie. I cookie non causano danni al computer e non contengono virus. Essi servono a rendere il nostro servizio pi\u00f9 facile da usare, pi\u00f9 efficace e pi\u00f9 sicuro. I cookie sono piccoli file di testo che vengono salvati sul computer e conservati dal browser dell&#8217;utente.<\/p>\n<p>La maggior parte dei cookie da noi utilizzati \u00e8 costituita dai cosiddetti &#8220;cookie di sessione&#8221;, che vengono automaticamente eliminati al termine della stessa. Altri cookie rimangono nella memoria del dispositivo fino a quando l&#8217;utente non li elimina. Questi cookie ci permettono di riconoscere il browser dell&#8217;utente alla sua visita successiva.<\/p>\n<p>L&#8217;utente pu\u00f2 impostare il suo browser in modo da essere informato circa l&#8217;uso dei cookie e autorizzarli solo in singoli casi, escludere l&#8217;accettazione di cookie in determinati casi o in generale, nonch\u00e9 attivare l&#8217;eliminazione automatica dei cookie alla chiusura del browser. La disattivazione dei cookie pu\u00f2 limitare la funzionalit\u00e0 di questo sito Internet.<\/p>\n<p>I cookie che sono necessari per l&#8217;esecuzione del processo di comunicazione elettronica o per la messa a disposizione di determinate funzioni desiderate dall&#8217;utente (ad esempio la funzione del carrello della spesa virtuale) vengono conservati in base all&#8217;art. 6 cpv. 1, lett. f del RGPD (Regolamento generale sulla protezione dei dati). Il gestore del sito web ha un interesse legittimo a conservare i cookie, ai fini di una fornitura corretta e tecnicamente priva di errori dei suoi servizi. Nel caso in cui vengano memorizzati altri cookie (ad es. cookie per l&#8217;analisi del comportamento di navigazione), questi sono trattati separatamente nella presente Informativa sulla protezione dei dati.<br \/>\nFile di registro del server<\/p>\n<h4><\/h4>\n<p>Il provider delle pagine acquisisce e conserva automaticamente le informazioni nei cosiddetti file di log del server, che il browser dell&#8217;utente ci trasmette automaticamente. Questi sono:<\/p>\n<ul>\n<li>Tipo di browser e versione del browser<\/li>\n<li>sistema operativo utilizzato<\/li>\n<li>UR di riferimento<\/li>\n<li>Nome host del computer di accesso<\/li>\n<li>Ora della richiesta al server<\/li>\n<li>indirizzo IP<\/li>\n<\/ul>\n<p>Questi dati non verranno associati ad altre fonti di dati.La base per il trattamento dei dati \u00e8 l&#8217;art. 6, comma 1 lett. f del RGPD, che consente il trattamento dei dati per l&#8217;esecuzione di un contratto o di misure precontrattuali.<\/p>\n<h4>Modulo di contatto<\/h4>\n<p>Se ci invii richieste di informazioni utilizzando il modulo di contatto, i dati nello stesso indicati, compresi i dati di contatto forniti, verranno da noi conservati per l&#8217;elaborazione della richiesta e in caso di domande successive. Non divulgheremo tali dati senza il tuo consenso .<\/p>\n<p>Pertanto, il trattamento dei dati inseriti nel modulo di contatto avviene esclusivamente a seguito del tuo consenso (art. 6 cpv. 1, lett. a del GDPR). \u00c8 possibile revocare il consenso in qualsiasi momento. \u00c8 sufficiente inviarci in proposito un&#8217;e-mail informale. La revoca non pregiudica la legittimit\u00e0 del trattamento dei dati fino al momento della stessa.<\/p>\n<p>I dati inseriti dall&#8217;utente nel modulo di contatto rimangono presso di noi fino alla richiesta di cancellazione, alla revoca del consenso alla conservazione o in caso venga meno lo scopo per la conservazione dei dati (ad esempio una volta completata l&#8217;elaborazione della richiesta). Ci\u00f2 non pregiudica gli obblighi di legge, in particolar modo i termini di conservazione dei documenti.[\/vc_column_text][\/vc_column][\/vc_row][vc_row gap=&#8221;80&#8243;][vc_column]<div class=\"et-simple-braket-block-wrapper\"><style>#et-simple-braket-block-4 .braket-text {font-size:24px;font-weight:400;line-height:32px;}#et-simple-braket-block-4 .braket > div  {background-color:#009640;}<\/style><div id=\"et-simple-braket-block-4\" class=\"et-simple-braket-block \"><div class=\"braket\"><div><\/div><div><\/div><div><\/div><\/div><div class=\"braket-text\" data-mobile-font=\"inherit\" data-tablet-font=\"inherit\">4. Strumenti di analisi e pubblicit\u00e0<\/div><\/div><\/div><div class=\"gap et-clearfix \" style=\"height:32px\"><\/div>[vc_column_text]<\/p>\n<h4>Google Analytics<\/h4>\n<p>Questo sito web utilizza le funzioni del servizio di analisi web Google Analytics. Il fornitore \u00e8 Google Inc., 1600 Amphitheatre Parkway, Mountain View, CA 94043, USA.Google Analytics utilizza i cosiddetti &#8220;cookie&#8221;. Si tratta di file di testo, che vengono salvati sul computer dell&#8217;utente e consentono un&#8217;analisi del tuo utilizzo del sito web. Le informazioni generate dai cookie sull&#8217;utilizzo del sito web sono di norma inviate e conservate su un server di Google negli Stati Uniti.<\/p>\n<p>I cookie di Google Analytics vengono conservati in base all&#8217;art. 6, cpv. 1 lett. f del GDPR. Il gestore del sito web ha un interesse legittimo ad analizzare il comportamento degli utenti, al fine di ottimizzare sia la sua offerta web, sia la sua pubblicit\u00e0.<\/p>\n<p><strong>Anonimizzazione IP<\/strong><\/p>\n<p>Su questo sito web abbiamo attivato la funzione di anonimizzazione IP. L&#8217;indirizzo IP dell&#8217;utente, prima della sua trasmissione negli Stati Uniti, viene pertanto abbreviato da Google negli Stati membri dell&#8217;Unione europea o in altri Stati firmatari dell&#8217;accordo sullo Spazio economico europeo. Solo in casi eccezionali l\u2019indirizzo IP completo viene trasmesso per intero a un server di Google negli Stati Uniti, dove viene poi abbreviato. Per conto del gestore del presente sito web, Google utilizzer\u00e0 queste informazioni per valutare l&#8217;utilizzo del sito web da parte dell&#8217;utente, compilare rapporti sulle attivit\u00e0 del sito web e fornire altri servizi correlati all&#8217;uso del sito web e di Internet per i gestori del sito. L&#8217;indirizzo IP trasmesso dal browser dell&#8217;utente mediante Google Analytics non \u00e8 associato a nessuno degli altri dati memorizzati da Google.<\/p>\n<p><strong>Plugin browser<\/strong><\/p>\n<p>\u00c8 possibile impedire la conservazione dei cookie selezionando la relativa impostazione nel proprio software di navigazione; segnaliamo, tuttavia, che in tal caso potrebbe non essere possibile sfruttare a pieno tutte le funzionalit\u00e0 di questo sito. \u00c8 inoltre possibile impedire la raccolta dei dati generati dai cookie e relativi all&#8217;utilizzo del sito web (incluso l&#8217;indirizzo IP dell&#8217;utente) per Google nonch\u00e9 il trattamento di tali dati da parte di Google, scaricando e installando il plug-in per il browser disponibile al seguente collegamento: <a href=\"https:\/\/tools.google.com\/dlpage\/gaoptout?hl=de\" target=\"_blank\" rel=\"noopener noreferrer\">https:\/\/tools.google.com\/dlpage\/gaoptout?hl=de<\/a>.<strong>Opposizione alla raccolta dei dati<\/strong><\/p>\n<p>Puoi impedire a Google Analytics di raccogliere i tuoi dati facendo clic sul seguente link. Viene impostato un cookie di dissociazione che impedisce la raccolta dei dati durante le visite future a questo sito Internet: <a>disattiva Google Analytics<\/a>.Maggiori informazioni sul trattamento dei dati dell&#8217;utente da parte di Google Analytics sono disponibili nell&#8217;Informativa sulla privacy di Google: <a href=\"https:\/\/support.google.com\/analytics\/answer\/6004245?hl=de\" target=\"_blank\" rel=\"noopener noreferrer\">https:\/\/support.google.com\/analytics\/answer\/6004245?hl=de<\/a>.<strong>Elaborazione<\/strong><\/p>\n<p>dei dati contrattuali<\/p>\n<p>Abbiamo stipulato un contratto con Google per il trattamento dei dati contrattuali e adempiamo pienamente ai rigorosi requisiti delle autorit\u00e0 tedesche per la protezione dei dati nell&#8217;utilizzo di Google Analytics.<strong>Caratteristiche demografiche in Google Analytics<\/strong><\/p>\n<p>Questo sito web utilizza la funzione \u201ccaratteristiche demografiche\u201d di Google Analytics. Questo permette di creare report che contengono informazioni sull&#8217;et\u00e0, il sesso e gli interessi dei visitatori del sito. Questi dati provengono da pubblicit\u00e0 di Google riferite agli interessi e dai dati dei visitatori di fornitori terzi. Questi dati non possono essere ricondotti a una persona specifica. L&#8217;utente pu\u00f2 disattivare questa funzione in qualsiasi momento utilizzando le impostazioni degli annunci nel suo account Google, oppure non consentire in generale all&#8217;acquisizione dei dati da parte di Google Analytics, come spiegato nella sezione &#8220;Opposizione alla raccolta dei dati&#8221;.[\/vc_column_text][\/vc_column][\/vc_row][vc_row gap=&#8221;80&#8243; css=&#8221;.vc_custom_1604743128693{padding-bottom: 30px !important;}&#8221;][vc_column]<div class=\"et-simple-braket-block-wrapper\"><style>#et-simple-braket-block-5 .braket-text {font-size:24px;font-weight:400;line-height:32px;}#et-simple-braket-block-5 .braket > div  {background-color:#009640;}<\/style><div id=\"et-simple-braket-block-5\" class=\"et-simple-braket-block \"><div class=\"braket\"><div><\/div><div><\/div><div><\/div><\/div><div class=\"braket-text\" data-mobile-font=\"inherit\" data-tablet-font=\"inherit\">5. Plugin e strumenti<\/div><\/div><\/div><div class=\"gap et-clearfix \" style=\"height:32px\"><\/div>[vc_column_text]<\/p>\n<h4>Font Google Web<\/h4>\n<p>Questo sito utilizza i cosiddetti Web Fonts forniti da Google per visualizzare in modo uniforme i caratteri di scrittura. Quando si richiama una pagina, il browser carica i Web Fonts necessari nella cache del browser per visualizzare correttamente testi e tipi di carattere.<\/p>\n<p>A tal fine, il browser utilizzato deve essere collegato ai server di Google. In questo modo, Google riconosce che il nostro sito web \u00e8 stato visitato dal vostro indirizzo IP. L&#8217;utilizzo di Google Web Fonts avviene nell&#8217;interesse di una presentazione uniforme e accattivante delle nostre offerte online. Ci\u00f2 costituisce un interesse legittimo ai sensi dell&#8217;art. 6 comma 1 lett. f del GDPR.<\/p>\n<p>Se il tuo browser non supporta Web Fonts, il computer utilizza un tipo di carattere standard.<\/p>\n<p>Ulteriori informazioni su Google Web Fonts sono disponibili\u00a0\u00a0alla pagina https:\/\/developers.google.com\/fonts\/faq <a href=\"https:\/\/developers.google.com\/fonts\/faq\" target=\"_blank\" rel=\"noopener noreferrer\">e<\/a>\u00a0nella Informativa sulla protezione dei dati di Google:\u00a0<a href=\"https:\/\/www.google.com\/policies\/privacy\/\" target=\"_blank\" rel=\"noopener noreferrer\">https:\/\/www.google.com\/policies\/privacy\/<\/a>.<\/p>\n<h4>Google Maps<\/h4>\n<p>In questa pagina viene utilizzato il servizio mappe di Google Maps tramite un&#8217;API. Il fornitore \u00e8 Google Inc., 1600 Amphitheatre Parkway, Mountain View, CA 94043, USA.Per utilizzare le funzioni di Google Maps \u00e8 necessario memorizzare l&#8217;indirizzo IP dell&#8217;utente. Queste informazioni vengono solitamente trasmesse ad un server di Google negli Stati Uniti e l\u00ec conservate. Il fornitore di questo sito non ha alcuna influenza su questa trasmissione di dati.<\/p>\n<p>L&#8217;utilizzo di Google Maps \u00e8 adottato nell&#8217;interesse di una rappresentazione accattivante delle nostre offerte online e di una facile reperibilit\u00e0 dei luoghi da noi indicati sul sito web. Ci\u00f2 costituisce un interesse legittimo ai sensi dell&#8217;art. 6 comma 1 lett. f del GDPR.<\/p>\n<p>Puoi trovare maggiori informazioni sulla gestione dei dati degli utenti nella Informativa sulla protezione dei dati di Google:\u00a0<a href=\"https:\/\/www.google.de\/intl\/de\/policies\/privacy\/\" target=\"_blank\" rel=\"noopener noreferrer\">https:\/\/www.google.de\/intl\/de\/policies\/privacy\/<\/a>.[\/vc_column_text][\/vc_column][\/vc_row]<\/p>\n<\/div>","protected":false},"excerpt":{"rendered":"<p>I termini e le condizioni generali di TIRLOG Transport GmbH ti informano sul trattamento dei tuoi dati su questo sito web.<\/p>\n","protected":false},"author":1,"featured_media":0,"parent":0,"menu_order":0,"comment_status":"closed","ping_status":"closed","template":"page-vc.php","meta":{"footnotes":""},"class_list":["post-16653","page","type-page","status-publish","hentry"],"_links":{"self":[{"href":"https:\/\/www.tirlog.at\/it\/wp-json\/wp\/v2\/pages\/16653","targetHints":{"allow":["GET"]}}],"collection":[{"href":"https:\/\/www.tirlog.at\/it\/wp-json\/wp\/v2\/pages"}],"about":[{"href":"https:\/\/www.tirlog.at\/it\/wp-json\/wp\/v2\/types\/page"}],"author":[{"embeddable":true,"href":"https:\/\/www.tirlog.at\/it\/wp-json\/wp\/v2\/users\/1"}],"replies":[{"embeddable":true,"href":"https:\/\/www.tirlog.at\/it\/wp-json\/wp\/v2\/comments?post=16653"}],"version-history":[{"count":1,"href":"https:\/\/www.tirlog.at\/it\/wp-json\/wp\/v2\/pages\/16653\/revisions"}],"predecessor-version":[{"id":17160,"href":"https:\/\/www.tirlog.at\/it\/wp-json\/wp\/v2\/pages\/16653\/revisions\/17160"}],"wp:attachment":[{"href":"https:\/\/www.tirlog.at\/it\/wp-json\/wp\/v2\/media?parent=16653"}],"curies":[{"name":"wp","href":"https:\/\/api.w.org\/{rel}","templated":true}]}}